{"id":124,"date":"2022-02-19T17:04:41","date_gmt":"2022-02-19T17:04:41","guid":{"rendered":"https:\/\/peterschulz.net\/?page_id=124"},"modified":"2025-05-18T22:56:54","modified_gmt":"2025-05-18T22:56:54","slug":"solo-projekte","status":"publish","type":"page","link":"https:\/\/peterschulz.net\/?page_id=124","title":{"rendered":"Solo &#8211; Projekte"},"content":{"rendered":"\n<p class=\"has-white-color has-black-background-color has-text-color has-background has-link-color has-larger-font-size wp-elements-d9cb7612cdb640acf187f7eabe772ccb\"><strong>It&#8217;s Your Life <\/strong>&#8211; Human Specific Performance<\/p>\n\n\n\n<figure class=\"wp-block-image size-large\"><img loading=\"lazy\" decoding=\"async\" width=\"1024\" height=\"652\" src=\"https:\/\/peterschulz.net\/wp-content\/uploads\/2025\/05\/Bildcollage-Its-Your-Life-1-1024x652.png\" alt=\"\" class=\"wp-image-178\" srcset=\"https:\/\/peterschulz.net\/wp-content\/uploads\/2025\/05\/Bildcollage-Its-Your-Life-1-1024x652.png 1024w, https:\/\/peterschulz.net\/wp-content\/uploads\/2025\/05\/Bildcollage-Its-Your-Life-1-300x191.png 300w, https:\/\/peterschulz.net\/wp-content\/uploads\/2025\/05\/Bildcollage-Its-Your-Life-1-768x489.png 768w, https:\/\/peterschulz.net\/wp-content\/uploads\/2025\/05\/Bildcollage-Its-Your-Life-1-900x573.png 900w, https:\/\/peterschulz.net\/wp-content\/uploads\/2025\/05\/Bildcollage-Its-Your-Life-1-500x318.png 500w, https:\/\/peterschulz.net\/wp-content\/uploads\/2025\/05\/Bildcollage-Its-Your-Life-1.png 1170w\" sizes=\"auto, (max-width: 1024px) 100vw, 1024px\" \/><\/figure>\n\n\n\n<p class=\"has-white-color has-black-background-color has-text-color has-background has-large-font-size\">In meiner Human Specific Performance \u201eIt\u2019s Your Life\u201c lade ich meine G\u00e4ste auf eine spielerische Rundreise durch ihr eigenes Leben ein. Ausgestattet mit Kopfh\u00f6rern begeben sich die teilnehmenden Zuschauer:innen in einer meditativen audiovisuellen Atmosph\u00e4re auf die Suche nach den Spuren ihrer Vergangenheit, lernen sich gegenseitig kennen und wagen gemeinsam Ausblicke in ihre eventuelle Zukunft.<br><br>Urauff\u00fchrung: <br>15. November 2024 im K-Lab, Mainz<br><br>weitere geplante Auff\u00fchrungen: <br>20.-22. Juni 2025 auf der pad-B\u00fchne im Quartierszentrum Bad Kreuznach<\/p>\n\n\n\n<p class=\"has-white-color has-black-background-color has-text-color has-background has-link-color has-larger-font-size wp-elements-d6e28f796f45cfb08fe68d9ba4145e3d\"><strong>Time is Blue<\/strong> &#8211; Solo-Performance-Installation<\/p>\n\n\n\n<div class=\"wp-block-group\"><div class=\"wp-block-group__inner-container is-layout-constrained wp-block-group-is-layout-constrained\">\n<figure class=\"wp-block-gallery has-nested-images columns-default is-cropped wp-block-gallery-1 is-layout-flex wp-block-gallery-is-layout-flex\">\n<figure class=\"wp-block-image size-large\"><img loading=\"lazy\" decoding=\"async\" width=\"874\" height=\"874\" data-id=\"199\" src=\"https:\/\/peterschulz.net\/wp-content\/uploads\/2025\/05\/screenshot-1-1-edited.jpg\" alt=\"\" class=\"wp-image-199\" srcset=\"https:\/\/peterschulz.net\/wp-content\/uploads\/2025\/05\/screenshot-1-1-edited.jpg 874w, https:\/\/peterschulz.net\/wp-content\/uploads\/2025\/05\/screenshot-1-1-edited-300x300.jpg 300w, https:\/\/peterschulz.net\/wp-content\/uploads\/2025\/05\/screenshot-1-1-edited-150x150.jpg 150w, https:\/\/peterschulz.net\/wp-content\/uploads\/2025\/05\/screenshot-1-1-edited-768x768.jpg 768w, https:\/\/peterschulz.net\/wp-content\/uploads\/2025\/05\/screenshot-1-1-edited-500x500.jpg 500w\" sizes=\"auto, (max-width: 874px) 100vw, 874px\" \/><\/figure>\n\n\n\n<figure class=\"wp-block-image size-large is-style-default\"><img loading=\"lazy\" decoding=\"async\" width=\"768\" height=\"1024\" data-id=\"179\" src=\"https:\/\/peterschulz.net\/wp-content\/uploads\/2025\/05\/20220908_141751-768x1024.jpg\" alt=\"\" class=\"wp-image-179\" srcset=\"https:\/\/peterschulz.net\/wp-content\/uploads\/2025\/05\/20220908_141751-768x1024.jpg 768w, https:\/\/peterschulz.net\/wp-content\/uploads\/2025\/05\/20220908_141751-225x300.jpg 225w, https:\/\/peterschulz.net\/wp-content\/uploads\/2025\/05\/20220908_141751-1152x1536.jpg 1152w, https:\/\/peterschulz.net\/wp-content\/uploads\/2025\/05\/20220908_141751-1536x2048.jpg 1536w, https:\/\/peterschulz.net\/wp-content\/uploads\/2025\/05\/20220908_141751-900x1200.jpg 900w, https:\/\/peterschulz.net\/wp-content\/uploads\/2025\/05\/20220908_141751-500x667.jpg 500w, https:\/\/peterschulz.net\/wp-content\/uploads\/2025\/05\/20220908_141751-scaled.jpg 1920w\" sizes=\"auto, (max-width: 768px) 100vw, 768px\" \/><\/figure>\n<\/figure>\n<\/div><\/div>\n\n\n\n<p class=\"has-white-color has-black-background-color has-text-color has-background has-large-font-size\">Dieses <em>Solo in blau<\/em> verbindet ein Raum-Gef\u00fchl mit einem massiven Soundteppich und einer Choreografie des scheinbaren Stillstands zu einer konzentrierten performativen Impression \u00fcber Pr\u00e4senz und erzeugt einen meditativen Moment des Einklangs von Raum, Klang, K\u00f6rper und Bewegung.<br><br><strong>Urauff\u00fchrung: <\/strong><br>8. Sept. 2022, zum 30-j\u00e4hrigen Jubil\u00e4um von Laprofth e.V., Haus der Kulturen, Mainz<\/p>\n\n\n\n<p class=\"has-white-color has-black-background-color has-text-color has-background has-link-color has-larger-font-size wp-elements-feb0c5bd56eb33f22ea27062beeaee29\"><strong>Raumbezeichnungen 1 &#8211; 3 <\/strong>(2005 bis 2007) performative Kunstaktion<\/p>\n\n\n\n<figure class=\"wp-block-gallery has-nested-images columns-default is-cropped wp-block-gallery-2 is-layout-flex wp-block-gallery-is-layout-flex\">\n<figure class=\"wp-block-image size-large\"><img loading=\"lazy\" decoding=\"async\" width=\"1024\" height=\"768\" data-id=\"185\" src=\"https:\/\/peterschulz.net\/wp-content\/uploads\/2025\/05\/IMGP2691-1024x768.jpg\" alt=\"\" class=\"wp-image-185\" srcset=\"https:\/\/peterschulz.net\/wp-content\/uploads\/2025\/05\/IMGP2691-1024x768.jpg 1024w, https:\/\/peterschulz.net\/wp-content\/uploads\/2025\/05\/IMGP2691-300x225.jpg 300w, https:\/\/peterschulz.net\/wp-content\/uploads\/2025\/05\/IMGP2691-768x576.jpg 768w, https:\/\/peterschulz.net\/wp-content\/uploads\/2025\/05\/IMGP2691-1536x1152.jpg 1536w, https:\/\/peterschulz.net\/wp-content\/uploads\/2025\/05\/IMGP2691-900x675.jpg 900w, https:\/\/peterschulz.net\/wp-content\/uploads\/2025\/05\/IMGP2691-500x375.jpg 500w, https:\/\/peterschulz.net\/wp-content\/uploads\/2025\/05\/IMGP2691.jpg 1600w\" sizes=\"auto, (max-width: 1024px) 100vw, 1024px\" \/><\/figure>\n\n\n\n<figure class=\"wp-block-image size-large\"><img loading=\"lazy\" decoding=\"async\" width=\"1024\" height=\"768\" data-id=\"187\" src=\"https:\/\/peterschulz.net\/wp-content\/uploads\/2025\/05\/IMGP2693-1024x768.jpg\" alt=\"\" class=\"wp-image-187\" srcset=\"https:\/\/peterschulz.net\/wp-content\/uploads\/2025\/05\/IMGP2693-1024x768.jpg 1024w, https:\/\/peterschulz.net\/wp-content\/uploads\/2025\/05\/IMGP2693-300x225.jpg 300w, https:\/\/peterschulz.net\/wp-content\/uploads\/2025\/05\/IMGP2693-768x576.jpg 768w, https:\/\/peterschulz.net\/wp-content\/uploads\/2025\/05\/IMGP2693-1536x1152.jpg 1536w, https:\/\/peterschulz.net\/wp-content\/uploads\/2025\/05\/IMGP2693-900x675.jpg 900w, https:\/\/peterschulz.net\/wp-content\/uploads\/2025\/05\/IMGP2693-500x375.jpg 500w, https:\/\/peterschulz.net\/wp-content\/uploads\/2025\/05\/IMGP2693.jpg 1600w\" sizes=\"auto, (max-width: 1024px) 100vw, 1024px\" \/><\/figure>\n\n\n\n<figure class=\"wp-block-image size-large\"><img loading=\"lazy\" decoding=\"async\" width=\"1024\" height=\"768\" data-id=\"196\" src=\"https:\/\/peterschulz.net\/wp-content\/uploads\/2025\/05\/IMGP2823-1024x768.jpg\" alt=\"\" class=\"wp-image-196\" srcset=\"https:\/\/peterschulz.net\/wp-content\/uploads\/2025\/05\/IMGP2823-1024x768.jpg 1024w, https:\/\/peterschulz.net\/wp-content\/uploads\/2025\/05\/IMGP2823-300x225.jpg 300w, https:\/\/peterschulz.net\/wp-content\/uploads\/2025\/05\/IMGP2823-768x576.jpg 768w, https:\/\/peterschulz.net\/wp-content\/uploads\/2025\/05\/IMGP2823-1536x1152.jpg 1536w, https:\/\/peterschulz.net\/wp-content\/uploads\/2025\/05\/IMGP2823-900x675.jpg 900w, https:\/\/peterschulz.net\/wp-content\/uploads\/2025\/05\/IMGP2823-500x375.jpg 500w, https:\/\/peterschulz.net\/wp-content\/uploads\/2025\/05\/IMGP2823.jpg 2048w\" sizes=\"auto, (max-width: 1024px) 100vw, 1024px\" \/><\/figure>\n<\/figure>\n\n\n\n<p class=\"has-white-color has-black-background-color has-text-color has-background has-large-font-size\"><strong>Raumbezeichnung 1<\/strong><br>Juni 2005, 10:00 bis 22:00 Uhr, Auszeichnen einer Gef\u00e4ngniszelle mit Bleistift. Aktion im Rahmen der Kunst-Veranstaltungsreihe Moguntia in der ehemaligen Mainzer Justiz-Vollzugsanstalt.<\/p>\n\n\n\n<figure class=\"wp-block-gallery has-nested-images columns-default is-cropped wp-block-gallery-3 is-layout-flex wp-block-gallery-is-layout-flex\">\n<figure class=\"wp-block-image size-large\"><img loading=\"lazy\" decoding=\"async\" width=\"866\" height=\"650\" data-id=\"189\" src=\"https:\/\/peterschulz.net\/wp-content\/uploads\/2025\/05\/7Badinnen3-1.jpg\" alt=\"\" class=\"wp-image-189\" srcset=\"https:\/\/peterschulz.net\/wp-content\/uploads\/2025\/05\/7Badinnen3-1.jpg 866w, https:\/\/peterschulz.net\/wp-content\/uploads\/2025\/05\/7Badinnen3-1-300x225.jpg 300w, https:\/\/peterschulz.net\/wp-content\/uploads\/2025\/05\/7Badinnen3-1-768x576.jpg 768w, https:\/\/peterschulz.net\/wp-content\/uploads\/2025\/05\/7Badinnen3-1-500x375.jpg 500w\" sizes=\"auto, (max-width: 866px) 100vw, 866px\" \/><\/figure>\n\n\n\n<figure class=\"wp-block-image size-large\"><img loading=\"lazy\" decoding=\"async\" width=\"1024\" height=\"680\" data-id=\"195\" src=\"https:\/\/peterschulz.net\/wp-content\/uploads\/2025\/05\/IMG_3518-1024x680.jpg\" alt=\"\" class=\"wp-image-195\" srcset=\"https:\/\/peterschulz.net\/wp-content\/uploads\/2025\/05\/IMG_3518-1024x680.jpg 1024w, https:\/\/peterschulz.net\/wp-content\/uploads\/2025\/05\/IMG_3518-300x199.jpg 300w, https:\/\/peterschulz.net\/wp-content\/uploads\/2025\/05\/IMG_3518-768x510.jpg 768w, https:\/\/peterschulz.net\/wp-content\/uploads\/2025\/05\/IMG_3518-1536x1020.jpg 1536w, https:\/\/peterschulz.net\/wp-content\/uploads\/2025\/05\/IMG_3518-900x598.jpg 900w, https:\/\/peterschulz.net\/wp-content\/uploads\/2025\/05\/IMG_3518-500x332.jpg 500w, https:\/\/peterschulz.net\/wp-content\/uploads\/2025\/05\/IMG_3518.jpg 2048w\" sizes=\"auto, (max-width: 1024px) 100vw, 1024px\" \/><\/figure>\n\n\n\n<figure class=\"wp-block-image size-large\"><img loading=\"lazy\" decoding=\"async\" width=\"866\" height=\"650\" data-id=\"190\" src=\"https:\/\/peterschulz.net\/wp-content\/uploads\/2025\/05\/WanneWc.jpg\" alt=\"\" class=\"wp-image-190\" srcset=\"https:\/\/peterschulz.net\/wp-content\/uploads\/2025\/05\/WanneWc.jpg 866w, https:\/\/peterschulz.net\/wp-content\/uploads\/2025\/05\/WanneWc-300x225.jpg 300w, https:\/\/peterschulz.net\/wp-content\/uploads\/2025\/05\/WanneWc-768x576.jpg 768w, https:\/\/peterschulz.net\/wp-content\/uploads\/2025\/05\/WanneWc-500x375.jpg 500w\" sizes=\"auto, (max-width: 866px) 100vw, 866px\" \/><\/figure>\n<\/figure>\n\n\n\n<p class=\"has-white-color has-black-background-color has-text-color has-background has-large-font-size\"><strong>Raumbezeichnung 2<\/strong><br>10 Tage lang \u2013 vom 15. bis 24. September 2006 zeichnete ich im Rahmen der Kunst- und Kulturtage gangart2006 in Bischofsheim eine leerstehende 2-Zimmer-Wohnung mit Bleistift aus. Inklusive Bad und K\u00fcche bezeichnete ich alle W\u00e4nde, Decken, K\u00fcchenfliesen, Fensterb\u00e4nke, T\u00fcrrahmen, Badewanne, Waschbecken, Toilette, Boiler und soweit m\u00f6glich auch Teile des Bodens. Zuschauer konnten die Wohnung jederzeit betreten und beobachten, wie sie sich nach und nach in eine Zeichnung verwandelte. W\u00e4hrend ich in einem Raum zeichnete, war dieser jeweils verschlossen, man konnte mich aber dennoch durch die in alle T\u00fcren eingearbeiteten Guckfenster beobachten. Zur Inspiration f\u00fcr die Aktion wurde w\u00e4hrend der zehn Tage die komplette Wohnung mit Musik von Philip Glass ausgeschallt.<br>Im Anschluss an die Aktion wurde das komplette Haus wie geplant abgerissen. Einzelne bezeichnete Objekte wie Badewanne, Waschbecken, mehrere Deckenplatten und Fliesen konnten vorher zu Ausstellungszwecken entnommen werden.<\/p>\n\n\n\n<figure class=\"wp-block-gallery has-nested-images columns-default is-cropped wp-block-gallery-4 is-layout-flex wp-block-gallery-is-layout-flex\">\n<figure class=\"wp-block-image size-large\"><img loading=\"lazy\" decoding=\"async\" width=\"1024\" height=\"768\" data-id=\"191\" src=\"https:\/\/peterschulz.net\/wp-content\/uploads\/2025\/05\/MGP3769-1024x768.jpg\" alt=\"\" class=\"wp-image-191\" srcset=\"https:\/\/peterschulz.net\/wp-content\/uploads\/2025\/05\/MGP3769-1024x768.jpg 1024w, https:\/\/peterschulz.net\/wp-content\/uploads\/2025\/05\/MGP3769-300x225.jpg 300w, https:\/\/peterschulz.net\/wp-content\/uploads\/2025\/05\/MGP3769-768x576.jpg 768w, https:\/\/peterschulz.net\/wp-content\/uploads\/2025\/05\/MGP3769-1536x1152.jpg 1536w, https:\/\/peterschulz.net\/wp-content\/uploads\/2025\/05\/MGP3769-900x675.jpg 900w, https:\/\/peterschulz.net\/wp-content\/uploads\/2025\/05\/MGP3769-500x375.jpg 500w, https:\/\/peterschulz.net\/wp-content\/uploads\/2025\/05\/MGP3769.jpg 2048w\" sizes=\"auto, (max-width: 1024px) 100vw, 1024px\" \/><\/figure>\n\n\n\n<figure class=\"wp-block-image size-large\"><img loading=\"lazy\" decoding=\"async\" width=\"1024\" height=\"768\" data-id=\"193\" src=\"https:\/\/peterschulz.net\/wp-content\/uploads\/2025\/05\/IMGP3790-1024x768.jpg\" alt=\"\" class=\"wp-image-193\" srcset=\"https:\/\/peterschulz.net\/wp-content\/uploads\/2025\/05\/IMGP3790-1024x768.jpg 1024w, https:\/\/peterschulz.net\/wp-content\/uploads\/2025\/05\/IMGP3790-300x225.jpg 300w, https:\/\/peterschulz.net\/wp-content\/uploads\/2025\/05\/IMGP3790-768x576.jpg 768w, https:\/\/peterschulz.net\/wp-content\/uploads\/2025\/05\/IMGP3790-1536x1152.jpg 1536w, https:\/\/peterschulz.net\/wp-content\/uploads\/2025\/05\/IMGP3790-900x675.jpg 900w, https:\/\/peterschulz.net\/wp-content\/uploads\/2025\/05\/IMGP3790-500x375.jpg 500w, https:\/\/peterschulz.net\/wp-content\/uploads\/2025\/05\/IMGP3790.jpg 2048w\" sizes=\"auto, (max-width: 1024px) 100vw, 1024px\" \/><\/figure>\n\n\n\n<figure class=\"wp-block-image size-large\"><img loading=\"lazy\" decoding=\"async\" width=\"1024\" height=\"768\" data-id=\"194\" src=\"https:\/\/peterschulz.net\/wp-content\/uploads\/2025\/05\/IMGP5676-1-1024x768.jpg\" alt=\"\" class=\"wp-image-194\" srcset=\"https:\/\/peterschulz.net\/wp-content\/uploads\/2025\/05\/IMGP5676-1-1024x768.jpg 1024w, https:\/\/peterschulz.net\/wp-content\/uploads\/2025\/05\/IMGP5676-1-300x225.jpg 300w, https:\/\/peterschulz.net\/wp-content\/uploads\/2025\/05\/IMGP5676-1-768x576.jpg 768w, https:\/\/peterschulz.net\/wp-content\/uploads\/2025\/05\/IMGP5676-1-1536x1152.jpg 1536w, https:\/\/peterschulz.net\/wp-content\/uploads\/2025\/05\/IMGP5676-1-900x675.jpg 900w, https:\/\/peterschulz.net\/wp-content\/uploads\/2025\/05\/IMGP5676-1-500x375.jpg 500w, https:\/\/peterschulz.net\/wp-content\/uploads\/2025\/05\/IMGP5676-1.jpg 2048w\" sizes=\"auto, (max-width: 1024px) 100vw, 1024px\" \/><\/figure>\n<\/figure>\n\n\n\n<p class=\"has-white-color has-black-background-color has-text-color has-background has-large-font-size\"><strong>Raumbezeichnung 3<\/strong><br>An sechs Tagen im Juli und August 2007 im Rahmen von \u201eMainz lebt auf seinen Pl\u00e4tzen\u201c auf dem Karmeliterplatz in Mainz. <br>F\u00fcr Raumbezeichnung 3 baute ich einen Holzkubus, um ihn in einer mehrere Tage andauernden Aktion von innen auszuzeichnen.<br>F\u00fcr Zuschauer waren Guckl\u00f6cher in den Kubus eingearbeitet.<br>Der fertig ausgezeichnete Raum wurde vom 5.-14. Oktober in der Mainzer Kunstgalerie Pengland zusammen mit Relikten aus der in Raumbezeichnung 2 ausgezeichneten Wohnung ausgestellt.<br><\/p>\n\n\n\n<p><\/p>\n\n\n\n<p><\/p>\n","protected":false},"excerpt":{"rendered":"<p>It&#8217;s Your Life &#8211; Human Specific Performance In meiner Human Specific Performance \u201eIt\u2019s Your Life\u201c lade ich meine G\u00e4ste auf eine spielerische [&hellip;]<\/p>\n","protected":false},"author":1,"featured_media":0,"parent":0,"menu_order":0,"comment_status":"closed","ping_status":"closed","template":"","meta":{"footnotes":""},"class_list":{"0":"post-124","1":"page","2":"type-page","3":"status-publish","5":"col-md-12"},"_links":{"self":[{"href":"https:\/\/peterschulz.net\/index.php?rest_route=\/wp\/v2\/pages\/124","targetHints":{"allow":["GET"]}}],"collection":[{"href":"https:\/\/peterschulz.net\/index.php?rest_route=\/wp\/v2\/pages"}],"about":[{"href":"https:\/\/peterschulz.net\/index.php?rest_route=\/wp\/v2\/types\/page"}],"author":[{"embeddable":true,"href":"https:\/\/peterschulz.net\/index.php?rest_route=\/wp\/v2\/users\/1"}],"replies":[{"embeddable":true,"href":"https:\/\/peterschulz.net\/index.php?rest_route=%2Fwp%2Fv2%2Fcomments&post=124"}],"version-history":[{"count":7,"href":"https:\/\/peterschulz.net\/index.php?rest_route=\/wp\/v2\/pages\/124\/revisions"}],"predecessor-version":[{"id":205,"href":"https:\/\/peterschulz.net\/index.php?rest_route=\/wp\/v2\/pages\/124\/revisions\/205"}],"wp:attachment":[{"href":"https:\/\/peterschulz.net\/index.php?rest_route=%2Fwp%2Fv2%2Fmedia&parent=124"}],"curies":[{"name":"wp","href":"https:\/\/api.w.org\/{rel}","templated":true}]}}