{"id":14,"date":"2022-02-10T19:51:34","date_gmt":"2022-02-10T19:51:34","guid":{"rendered":"https:\/\/peterschulz.net\/?page_id=14"},"modified":"2025-10-12T15:48:55","modified_gmt":"2025-10-12T15:48:55","slug":"biografie","status":"publish","type":"page","link":"https:\/\/peterschulz.net\/?page_id=14","title":{"rendered":"Biografie"},"content":{"rendered":"\n<p class=\"has-white-color has-black-background-color has-text-color has-background has-large-font-size\">Geboren (1970) und aufgewachsen bin ich in Bad kreuznach, von 1992 bis 2003 studierte ich Theaterwissenschaft, Germanistik und Musikwissenschaft an der Universit\u00e4t Mainz. <br>Parallel dazu assistierte ich von 1995 bis 1997 am Theater Am Turm in Frankfurt bei Michael Laub und Jan Fabre und sp\u00e4ter bei Sasha Waltz in Berlin, leitete von 1997 bis 2004 als Gesch\u00e4ftsf\u00fchrer des Theaterausschusses die Mainzer Universit\u00e4tsb\u00fchne <em>Theater Im P1<\/em> und war mit meinen ersten Performance-Inszenierungen auf verschiedenen Festivals zu Gast.<\/p>\n\n\n\n<p class=\"has-white-color has-black-background-color has-text-color has-background has-large-font-size\">Seit 2000 arbeite ich mit Nic Schmitt zusammen. Als <em>Team <a href=\"http:\/\/www.schmittundschulz.de\" data-type=\"URL\" data-id=\"www.schmittundschulz.de\" target=\"_blank\" rel=\"noreferrer noopener\">Schmitt&amp;Schulz<\/a> <\/em>realisieren wir seitdem zahlreiche Performance-Projekte und Gastspielauftritte.<br>2007 gr\u00fcndete ich zusammen mit Nic Schmitt in Mainz unseren eigenen Spiel- und Produktionsort, das <em><a href=\"http:\/\/www.pad-mainz.de\" data-type=\"URL\" data-id=\"www.pad-mainz.de\" target=\"_blank\" rel=\"noreferrer noopener\">pad (performance art depot)<\/a>,<\/em> den wir zw\u00f6lf Jahre lang gemeinsam k\u00fcnstlerisch, kuratorisch und organisatorisch leiteten, bis wir ihn 2020 aufl\u00f6sen mussten, da das Geb\u00e4ude verkauft wurde.<\/p>\n\n\n\n<p class=\"has-white-color has-black-background-color has-text-color has-background has-large-font-size\">Seit des Verlusts der eigenen Spielst\u00e4tte habe ich mit Nic Schmitt w\u00e4hrend der Corona-Pandemie einige online- und outdoor- Performance-Formate entwickelt. F\u00fcr die Probenarbeit konnten wir im Stadtteilzentrum Pariser Viertel in Bad Kreuznach eine B\u00fchne einrichten, die wir haupts\u00e4chlich f\u00fcr Proben aber auch f\u00fcr Auff\u00fchrungen nutzen k\u00f6nnen. <\/p>\n\n\n\n<p class=\"has-white-color has-black-background-color has-text-color has-background has-link-color wp-elements-46e8717f294bdf93033dc03eeb78b041\"><strong>Nebenberufliche T\u00e4tigkeiten<\/strong>:<\/p>\n\n\n\n<p class=\"has-white-color has-black-background-color has-text-color has-background has-large-font-size\">Von 2017 bis 2024 war ich ehrenamtlicher Ortsb\u00fcrgermeister der <a href=\"http:\/\/www.gemeinde-mandel.de\" data-type=\"URL\" data-id=\"www.gemeinde-mandel.de\" target=\"_blank\" rel=\"noreferrer noopener\">Gemeinde Mandel<\/a>, wo ich seit 1999 zusammen mit meinem Ehemann, Michael Matthias, im ehemaligen <a href=\"https:\/\/www.alleburgen.de\/bd.php?id=24992\" data-type=\"URL\" data-id=\"https:\/\/www.alleburgen.de\/bd.php?id=24992\" target=\"_blank\" rel=\"noreferrer noopener\">Jagdschloss Koppenstein<\/a> lebe.<\/p>\n\n\n\n<p class=\"has-white-color has-black-background-color has-text-color has-background has-link-color has-large-font-size wp-elements-d46107aa6fac1bdb7a65091dc40ea755\">Seit Oktober 2024 bin ich als freier Mitarbeiter beim <a href=\"https:\/\/www.dorfplanerin.de\/\" data-type=\"link\" data-id=\"https:\/\/www.dorfplanerin.de\/\" target=\"_blank\" rel=\"noreferrer noopener\">Geografischen Planungsb\u00fcro Nathalie Franzen<\/a> in Gau-Odernheim und bin dort als Moderator f\u00fcr Dorferneurungsprozesse t\u00e4tig.<\/p>\n\n\n\n<p class=\"has-white-color has-black-background-color has-text-color has-background has-link-color has-large-font-size wp-elements-193480d2b5959dccd67a44d14f5fe9ed\">Weiterhin bin ich seit M\u00e4rz 2025 als freier Mitarbeiter bei der <a href=\"https:\/\/www.goldenvoiceacademy.de\" data-type=\"link\" data-id=\"https:\/\/www.goldenvoiceacademy.de\" target=\"_blank\" rel=\"noreferrer noopener\">Golden Voice Academy<\/a> und gebe dort regelm\u00e4\u00dfig als Coach f\u00fcr angehende Sprecher den <em>&#8222;Acting-Performance-Livecall&#8220;<\/em>, einen Online-Kurs f\u00fcr authentisches und emotional \u00fcberzeugendes Sprechen.<\/p>\n\n\n\n<p class=\"has-white-color has-black-background-color has-text-color has-background has-link-color has-large-font-size wp-elements-c0e02cfb7a057b9e3a9398f5869d610d\"><strong>Ehrenamtliche T\u00e4tigkeiten:<\/strong> <\/p>\n\n\n\n<p class=\"has-white-color has-black-background-color has-text-color has-background has-link-color has-large-font-size wp-elements-ef1c7c789c37e744e3dd03004bc3c6e7\">Seit vielen Jahren engagiere ich mich als Gr\u00fcndungsmitglied aktiv im Verein <a href=\"https:\/\/www.kulturbaeckerei-mainz.de\/\" data-type=\"URL\" data-id=\"https:\/\/www.kulturbaeckerei-mainz.de\/\" target=\"_blank\" rel=\"noreferrer noopener\">Kulturb\u00e4ckerei <\/a>e.V., der in der ehemaligen Komissbrotb\u00e4ckerei am Zollhafen in und f\u00fcr Mainz ein soziokulturelles Zentrum aufbauen m\u00f6chte. Seit April 2025 bin ich nun wieder im Vorstand des Vereins. <br>Im Oktober 2026 soll die Kulturb\u00e4ckerei er\u00f6ffnet werden.<br><br>Seit April 2023 bin ich als Beisitzer im Vorstand des Landesverbands professioneller freier Theater Rheinland-Pfalz, <a href=\"https:\/\/www.laprofth.de\/\" data-type=\"link\" data-id=\"https:\/\/www.laprofth.de\/\" target=\"_blank\" rel=\"noreferrer noopener\">Laprofth RLP<\/a>, und bin dort zust\u00e4ndig f\u00fcr die Erm\u00f6glichung von Prober\u00e4umen in Bad Kreuznach f\u00fcr Vereinsmitglieder von Laprofth. <br><br>Seit Juni 2025 bin ich gemeinsam mit Isolde Hauten im Vorsitz des <a href=\"https:\/\/dorfvereinmandel.de\/\" data-type=\"link\" data-id=\"https:\/\/dorfvereinmandel.de\/\" target=\"_blank\" rel=\"noreferrer noopener\">Dorfvereins Mandel e.V.<\/a>, dessen Gr\u00fcndung ich in meiner Amtszeit als Ortsb\u00fcrgermeister angeregt und aktiv unterst\u00fctzt hatte.<\/p>\n\n\n\n<p><br><\/p>\n","protected":false},"excerpt":{"rendered":"<p>Geboren (1970) und aufgewachsen bin ich in Bad kreuznach, von 1992 bis 2003 studierte ich Theaterwissenschaft, Germanistik und Musikwissenschaft an der Universit\u00e4t [&hellip;]<\/p>\n","protected":false},"author":1,"featured_media":0,"parent":0,"menu_order":0,"comment_status":"closed","ping_status":"closed","template":"","meta":{"footnotes":""},"class_list":{"0":"post-14","1":"page","2":"type-page","3":"status-publish","5":"col-md-12"},"_links":{"self":[{"href":"https:\/\/peterschulz.net\/index.php?rest_route=\/wp\/v2\/pages\/14","targetHints":{"allow":["GET"]}}],"collection":[{"href":"https:\/\/peterschulz.net\/index.php?rest_route=\/wp\/v2\/pages"}],"about":[{"href":"https:\/\/peterschulz.net\/index.php?rest_route=\/wp\/v2\/types\/page"}],"author":[{"embeddable":true,"href":"https:\/\/peterschulz.net\/index.php?rest_route=\/wp\/v2\/users\/1"}],"replies":[{"embeddable":true,"href":"https:\/\/peterschulz.net\/index.php?rest_route=%2Fwp%2Fv2%2Fcomments&post=14"}],"version-history":[{"count":18,"href":"https:\/\/peterschulz.net\/index.php?rest_route=\/wp\/v2\/pages\/14\/revisions"}],"predecessor-version":[{"id":233,"href":"https:\/\/peterschulz.net\/index.php?rest_route=\/wp\/v2\/pages\/14\/revisions\/233"}],"wp:attachment":[{"href":"https:\/\/peterschulz.net\/index.php?rest_route=%2Fwp%2Fv2%2Fmedia&parent=14"}],"curies":[{"name":"wp","href":"https:\/\/api.w.org\/{rel}","templated":true}]}}