{"id":148,"date":"2022-02-25T19:17:32","date_gmt":"2022-02-25T19:17:32","guid":{"rendered":"https:\/\/peterschulz.net\/?page_id=148"},"modified":"2022-02-25T19:38:52","modified_gmt":"2022-02-25T19:38:52","slug":"ueber-diese-seite","status":"publish","type":"page","link":"https:\/\/peterschulz.net\/?page_id=148","title":{"rendered":"\u00dcber diese Seite"},"content":{"rendered":"<p><strong>\u00dcber diese seite<\/strong><\/p>\n<p>In der oberen Men\u00fcleiste finden Sie Informationen \u00fcber meine Person &#8211; Biografie, Pers\u00f6nliches, Allgemeines \u00fcber mein Leben, Kontakt.<\/p>\n<p>\u00dcber die drei Bilder gelangen Sie zu Informationsseiten \u00fcber die wichtigsten meiner kulurellen \/ k\u00fcnstlerischen T\u00e4tigkeiten:<\/p>\n\n\n<div class=\"wp-block-columns is-layout-flex wp-container-core-columns-is-layout-9d6595d7 wp-block-columns-is-layout-flex\">\n<div class=\"wp-block-column is-layout-flow wp-block-column-is-layout-flow\">\n<p><strong>Schmitt&amp;Schulz<\/strong><\/p>\n<p>Meine Haupt-T\u00e4tigkeit als Performer und Regisseur in Zusammenarbeit mit Nic Schmitt als Performer- und Regie &#8211; Team. Dokumentation, Bilder und Videoclips zahlreicher gemeinsamer Produktionen und Auftritte<\/p>\n<p>(vorerst lediglich Link zur Internetseite von Schmitt&amp;Schulz)<\/p>\n<p><\/p>\n<\/div>\n\n\n\n<div class=\"wp-block-column is-layout-flow wp-block-column-is-layout-flow\">\n<p><strong>pad e.V.<br><\/strong><\/p>\n\n\n\n<p>Meine langj\u00e4hrige Arbeit in dem 2007 von Nic Schmitt und mir gegr\u00fcndeten Spiel- und Produktionsort <em>performance art depot<\/em> (pad) in Mainz und meine weitere T\u00e4tigkeit f\u00fcr pad e.V. nach der Schlie\u00dfung des pad im Jahr 2020.<\/p>\n<p>(Vorerst lediglich Link zur Internetseite des pad)<\/p>\n<\/div>\n\n\n\n<div class=\"wp-block-column is-layout-flow wp-block-column-is-layout-flow\">\n<p><strong>Solo &#8211; Projekte<\/strong><\/p>\n\n\n\n<p>Meine k\u00fcnstlerischen Aktivit\u00e4ten als Solo-Performer, au\u00dferhalb von Schmitt&amp;Schulz und pad sowie fr\u00fchere Arbeiten vor meiner Zusammenarbeit mit Nic Schmitt im Team Schmitt&amp;Schulz und im pad<\/p>\n<p>(Inhalte folgen, Bereich ist im Aufbau)<\/p>\n<\/div>\n<\/div>\n\n\n\n<div class=\"wp-block-columns is-layout-flex wp-container-core-columns-is-layout-9d6595d7 wp-block-columns-is-layout-flex\"><\/div>\n","protected":false},"excerpt":{"rendered":"<p>\u00dcber diese seite In der oberen Men\u00fcleiste finden Sie Informationen \u00fcber meine Person &#8211; Biografie, Pers\u00f6nliches, Allgemeines \u00fcber mein Leben, Kontakt. \u00dcber [&hellip;]<\/p>\n","protected":false},"author":1,"featured_media":0,"parent":0,"menu_order":0,"comment_status":"closed","ping_status":"closed","template":"","meta":{"footnotes":""},"class_list":{"0":"post-148","1":"page","2":"type-page","3":"status-publish","5":"col-md-12"},"_links":{"self":[{"href":"https:\/\/peterschulz.net\/index.php?rest_route=\/wp\/v2\/pages\/148","targetHints":{"allow":["GET"]}}],"collection":[{"href":"https:\/\/peterschulz.net\/index.php?rest_route=\/wp\/v2\/pages"}],"about":[{"href":"https:\/\/peterschulz.net\/index.php?rest_route=\/wp\/v2\/types\/page"}],"author":[{"embeddable":true,"href":"https:\/\/peterschulz.net\/index.php?rest_route=\/wp\/v2\/users\/1"}],"replies":[{"embeddable":true,"href":"https:\/\/peterschulz.net\/index.php?rest_route=%2Fwp%2Fv2%2Fcomments&post=148"}],"version-history":[{"count":5,"href":"https:\/\/peterschulz.net\/index.php?rest_route=\/wp\/v2\/pages\/148\/revisions"}],"predecessor-version":[{"id":158,"href":"https:\/\/peterschulz.net\/index.php?rest_route=\/wp\/v2\/pages\/148\/revisions\/158"}],"wp:attachment":[{"href":"https:\/\/peterschulz.net\/index.php?rest_route=%2Fwp%2Fv2%2Fmedia&parent=148"}],"curies":[{"name":"wp","href":"https:\/\/api.w.org\/{rel}","templated":true}]}}